{"id":2,"date":"2022-10-16T21:00:23","date_gmt":"2022-10-16T21:00:23","guid":{"rendered":"https:\/\/ramiroguajardo.com\/cv\/?page_id=2"},"modified":"2022-11-07T05:43:49","modified_gmt":"2022-11-07T05:43:49","slug":"sample-page","status":"publish","type":"page","link":"https:\/\/ramiroguajardo.com\/","title":{"rendered":"Bienvenidos"},"content":{"rendered":"\n<p>Esta es mi p\u00e1gina personal, por lo que aprovecho para presentarme:<\/p>\n\n\n\n<blockquote class=\"wp-block-quote is-layout-flow wp-block-quote-is-layout-flow\">\n<p><em>Soy una persona confiable, comprometida, responsable y abierta; adem\u00e1s de ser un l\u00edder emp\u00e1tico, \u00e1gil, conectado, y proactivo.<\/em><\/p>\n<\/blockquote>\n\n\n\n<p><em>Me apasiona formar equipos competitivos, resilientes y de alto desempe\u00f1o para alcanzar los objetivos corporativos y al mismo tiempo desarrollar habilidades en los miembros del equipo para su desarrollo constante.<\/em><\/p>\n\n\n\n<blockquote class=\"wp-block-quote is-layout-flow wp-block-quote-is-layout-flow\">\n<p><em>Con m\u00e1s de 18 a\u00f1os de experiencia acumulada en el sector financiero he logrado un nivel avanzado en el conocimiento de los distintos sectores de la econom\u00eda lo que me ha permitido brindar soluciones estructuradas para cubrir adecuadamente las necesidades financieras de los clientes.<\/em><\/p>\n<\/blockquote>\n\n\n\n<hr class=\"wp-block-separator has-alpha-channel-opacity\"\/>\n\n\n\n<p>Aqu\u00ed encontrar\u00e1s una liga a mi <strong><a href=\"https:\/\/www.ramiroguajardo.com\/CV_RamiroGuajardo.pdf\" data-type=\"URL\" data-id=\"https:\/\/www.ramiroguajardo.com\/CV_RamiroGuajardo.pdf\" target=\"_blank\" rel=\"noreferrer noopener\">Curriculum Vitae<\/a><\/strong>.<\/p>\n\n\n\n<p><\/p>\n\n\n\n<p><\/p>\n\n\n\n<figure class=\"wp-block-image size-large\"><img loading=\"lazy\" decoding=\"async\" width=\"1024\" height=\"680\" src=\"https:\/\/ramiroguajardo.com\/wp-content\/uploads\/2022\/10\/CairodesdeoficinaHSBC-1024x680.jpg\" alt=\"\" class=\"wp-image-29\" srcset=\"https:\/\/ramiroguajardo.com\/wp-content\/uploads\/2022\/10\/CairodesdeoficinaHSBC-1024x680.jpg 1024w, https:\/\/ramiroguajardo.com\/wp-content\/uploads\/2022\/10\/CairodesdeoficinaHSBC-300x199.jpg 300w, https:\/\/ramiroguajardo.com\/wp-content\/uploads\/2022\/10\/CairodesdeoficinaHSBC-768x510.jpg 768w, https:\/\/ramiroguajardo.com\/wp-content\/uploads\/2022\/10\/CairodesdeoficinaHSBC-1536x1021.jpg 1536w, https:\/\/ramiroguajardo.com\/wp-content\/uploads\/2022\/10\/CairodesdeoficinaHSBC-2048x1361.jpg 2048w\" sizes=\"auto, (max-width: 1024px) 100vw, 1024px\" \/><\/figure>\n\n\n\n<blockquote class=\"wp-block-quote has-small-font-size is-layout-flow wp-block-quote-is-layout-flow\">\n<p>Desde la azotea del edificio corporativo HSBC El Cairo, Egipto, con el R\u00edo Nilo y las pir\u00e1mides de Guiza al fondo.<\/p>\n<\/blockquote>\n","protected":false},"excerpt":{"rendered":"<p>Esta es mi p\u00e1gina personal, por lo que aprovecho para presentarme: Soy una persona confiable, comprometida, responsable y abierta; adem\u00e1s de ser un l\u00edder emp\u00e1tico, \u00e1gil, conectado, y proactivo. Me apasiona formar equipos competitivos, resilientes y de alto desempe\u00f1o para alcanzar los objetivos corporativos y al mismo tiempo desarrollar habilidades en los miembros del equipo &#8230; <a title=\"Bienvenidos\" class=\"read-more\" href=\"https:\/\/ramiroguajardo.com\/\" aria-label=\"Leer m\u00e1s sobre Bienvenidos\">Leer m\u00e1s<\/a><\/p>\n","protected":false},"author":1,"featured_media":0,"parent":0,"menu_order":0,"comment_status":"closed","ping_status":"closed","template":"","meta":{"footnotes":""},"class_list":["post-2","page","type-page","status-publish"],"_links":{"self":[{"href":"https:\/\/ramiroguajardo.com\/index.php\/wp-json\/wp\/v2\/pages\/2","targetHints":{"allow":["GET"]}}],"collection":[{"href":"https:\/\/ramiroguajardo.com\/index.php\/wp-json\/wp\/v2\/pages"}],"about":[{"href":"https:\/\/ramiroguajardo.com\/index.php\/wp-json\/wp\/v2\/types\/page"}],"author":[{"embeddable":true,"href":"https:\/\/ramiroguajardo.com\/index.php\/wp-json\/wp\/v2\/users\/1"}],"replies":[{"embeddable":true,"href":"https:\/\/ramiroguajardo.com\/index.php\/wp-json\/wp\/v2\/comments?post=2"}],"version-history":[{"count":5,"href":"https:\/\/ramiroguajardo.com\/index.php\/wp-json\/wp\/v2\/pages\/2\/revisions"}],"predecessor-version":[{"id":58,"href":"https:\/\/ramiroguajardo.com\/index.php\/wp-json\/wp\/v2\/pages\/2\/revisions\/58"}],"wp:attachment":[{"href":"https:\/\/ramiroguajardo.com\/index.php\/wp-json\/wp\/v2\/media?parent=2"}],"curies":[{"name":"wp","href":"https:\/\/api.w.org\/{rel}","templated":true}]}}