{"id":35,"date":"2022-10-16T23:10:05","date_gmt":"2022-10-16T23:10:05","guid":{"rendered":"https:\/\/ramiroguajardo.com\/cv\/?page_id=35"},"modified":"2022-11-07T05:52:50","modified_gmt":"2022-11-07T05:52:50","slug":"experiencia-profesional","status":"publish","type":"page","link":"https:\/\/ramiroguajardo.com\/index.php\/experiencia-profesional\/","title":{"rendered":"Trayectoria Profesional"},"content":{"rendered":"\n<p><strong>HSBC M\u00c9XICO, S.A.<\/strong><\/p>\n\n\n\n<blockquote class=\"wp-block-quote is-layout-flow wp-block-quote-is-layout-flow\">\n<p><strong>Julio 2017 &#8211; Noviembre 2022: Subdirector Banca Empresarial <\/strong><\/p>\n<cite>Divisi\u00f3n Norte<\/cite><\/blockquote>\n\n\n\n<p>Direcci\u00f3n de un equipo de 6 personas para la atenci\u00f3n integral de soluciones de cr\u00e9dito y productos transaccionales para clientes con perfil empresarial y corporativo con ventas desde MXN$ 1,000 hasta m\u00e1s de MXN$ 20,000 Millones de pesos.<\/p>\n\n\n\n<p>Experiencia y liderazgo de cr\u00e9ditos sindicados, estructuras especializadas, as\u00ed como instrumentos financieros derivados y manejo integral de tesorer\u00edas.<\/p>\n\n\n\n<p>Responsabilidad sobre los Estados de Nuevo Le\u00f3n y Tamaulipas.<\/p>\n\n\n\n<hr class=\"wp-block-separator has-alpha-channel-opacity\"\/>\n\n\n\n<blockquote class=\"wp-block-quote is-layout-flow wp-block-quote-is-layout-flow\">\n<p><strong>Julio 2014 &#8211; Junio 2017<\/strong>: <strong>Subdirector Banca de Gobierno<\/strong><\/p>\n<\/blockquote>\n\n\n\n<p>Responsable de un equipo de 8 integrantes para el desarrollo del negocio con Estados, Municipios y organismos subnacionales.<\/p>\n\n\n\n<p>Reconocimiento nacional como mejor colocador de cr\u00e9dito para el segmento de Estados y Municipios.<\/p>\n\n\n\n<p>Cobertura para los Estados de Nuevo Le\u00f3n, Tamaulipas Coahuila y Durango.<\/p>\n\n\n\n<p><\/p>\n\n\n\n<hr class=\"wp-block-separator has-alpha-channel-opacity\"\/>\n\n\n\n<blockquote class=\"wp-block-quote is-layout-flow wp-block-quote-is-layout-flow\">\n<p><strong>Enero 2012 &#8211; Junio 2014<\/strong> : <strong>Subdirector Estatal Banca Empresarial y Gobierno<\/strong><\/p>\n<cite>Veracruz<\/cite><\/blockquote>\n\n\n\n<p>Encargado de un equipo de 5 colaboradores para la atenci\u00f3n y servicio a empresas medianas con ventas superiores a los MXN$ 800 millones y empresas con perfil corporativo; tambi\u00e9n fue responsable de la atenci\u00f3n al Gobierno del Estado de Veracruz, sus secretar\u00edas y organismos descentralizados, municipios y dem\u00e1s entes subnacionales dependientes de la administraci\u00f3n p\u00fablica.<\/p>\n\n\n\n<p>Responsable de dar la soluci\u00f3n integral de servicios de banca empresarial incluyendo financiamientos, recaudaci\u00f3n, pagos y servicios como la n\u00f3mina para los empleados tanto para empresas privadas como del sector p\u00fablico.<\/p>\n\n\n\n<hr class=\"wp-block-separator has-alpha-channel-opacity\"\/>\n\n\n\n<blockquote class=\"wp-block-quote is-layout-flow wp-block-quote-is-layout-flow\">\n<p><strong>Abril 2019 &#8211; Diciembre 2011<\/strong> : <strong>Subdirector Estatal Banca Empresarial <\/strong><\/p>\n<cite>Tamaulipas<\/cite><\/blockquote>\n\n\n\n<p><\/p>\n\n\n\n<hr class=\"wp-block-separator has-alpha-channel-opacity\"\/>\n","protected":false},"excerpt":{"rendered":"<p>HSBC M\u00c9XICO, S.A. Julio 2017 &#8211; Noviembre 2022: Subdirector Banca Empresarial Divisi\u00f3n Norte Direcci\u00f3n de un equipo de 6 personas para la atenci\u00f3n integral de soluciones de cr\u00e9dito y productos transaccionales para clientes con perfil empresarial y corporativo con ventas desde MXN$ 1,000 hasta m\u00e1s de MXN$ 20,000 Millones de pesos. Experiencia y liderazgo de &#8230; <a title=\"Trayectoria Profesional\" class=\"read-more\" href=\"https:\/\/ramiroguajardo.com\/index.php\/experiencia-profesional\/\" aria-label=\"Leer m\u00e1s sobre Trayectoria Profesional\">Leer m\u00e1s<\/a><\/p>\n","protected":false},"author":1,"featured_media":0,"parent":0,"menu_order":0,"comment_status":"closed","ping_status":"closed","template":"","meta":{"footnotes":""},"class_list":["post-35","page","type-page","status-publish"],"_links":{"self":[{"href":"https:\/\/ramiroguajardo.com\/index.php\/wp-json\/wp\/v2\/pages\/35","targetHints":{"allow":["GET"]}}],"collection":[{"href":"https:\/\/ramiroguajardo.com\/index.php\/wp-json\/wp\/v2\/pages"}],"about":[{"href":"https:\/\/ramiroguajardo.com\/index.php\/wp-json\/wp\/v2\/types\/page"}],"author":[{"embeddable":true,"href":"https:\/\/ramiroguajardo.com\/index.php\/wp-json\/wp\/v2\/users\/1"}],"replies":[{"embeddable":true,"href":"https:\/\/ramiroguajardo.com\/index.php\/wp-json\/wp\/v2\/comments?post=35"}],"version-history":[{"count":5,"href":"https:\/\/ramiroguajardo.com\/index.php\/wp-json\/wp\/v2\/pages\/35\/revisions"}],"predecessor-version":[{"id":63,"href":"https:\/\/ramiroguajardo.com\/index.php\/wp-json\/wp\/v2\/pages\/35\/revisions\/63"}],"wp:attachment":[{"href":"https:\/\/ramiroguajardo.com\/index.php\/wp-json\/wp\/v2\/media?parent=35"}],"curies":[{"name":"wp","href":"https:\/\/api.w.org\/{rel}","templated":true}]}}