{"id":40,"date":"2022-10-17T05:28:19","date_gmt":"2022-10-17T05:28:19","guid":{"rendered":"https:\/\/ramiroguajardo.com\/cv\/?page_id=40"},"modified":"2022-11-07T06:16:47","modified_gmt":"2022-11-07T06:16:47","slug":"formacion-academica","status":"publish","type":"page","link":"https:\/\/ramiroguajardo.com\/index.php\/formacion-academica\/","title":{"rendered":"Formaci\u00f3n Acad\u00e9mica"},"content":{"rendered":"\n<blockquote class=\"wp-block-quote is-layout-flow wp-block-quote-is-layout-flow\">\n<p><img loading=\"lazy\" decoding=\"async\" width=\"150\" height=\"39\" class=\"wp-image-41\" style=\"width: 150px;\" src=\"https:\/\/ramiroguajardo.com\/wp-content\/uploads\/2022\/10\/Logo-Tec-de-Monterrey.png\" alt=\"\" srcset=\"https:\/\/ramiroguajardo.com\/wp-content\/uploads\/2022\/10\/Logo-Tec-de-Monterrey.png 438w, https:\/\/ramiroguajardo.com\/wp-content\/uploads\/2022\/10\/Logo-Tec-de-Monterrey-300x79.png 300w\" sizes=\"auto, (max-width: 150px) 100vw, 150px\" \/><br><strong>Instituto Tecnol\u00f3gico y de Estudios Superiores de Monterrey, Campus Monterrey<\/strong><\/p>\n<\/blockquote>\n\n\n\n<p><strong>Lic. en Contadur\u00eda P\u00fablica y Finanzas<\/strong><em> (2002)<\/em><br>Graduado con Testimonio de Alto Rendimiento Acad\u00e9mico por el CENEVAL<\/p>\n\n\n\n<hr class=\"wp-block-separator has-alpha-channel-opacity\"\/>\n\n\n\n<blockquote class=\"wp-block-quote is-layout-flow wp-block-quote-is-layout-flow\">\n<p><img loading=\"lazy\" decoding=\"async\" width=\"150\" height=\"112\" class=\"wp-image-43\" style=\"width: 150px;\" src=\"https:\/\/ramiroguajardo.com\/wp-content\/uploads\/2022\/10\/logo-udem2.jpg\" alt=\"\"><br><strong>Universidad de Monterrey<\/strong><\/p>\n<\/blockquote>\n\n\n\n<p><strong>Posgrado Especialidad en Finanzas<\/strong><em> (2016)<\/em><br>Primer lugar de generaci\u00f3n, Beca de Excelencia Acad\u00e9mica<\/p>\n\n\n\n<hr class=\"wp-block-separator has-alpha-channel-opacity\"\/>\n\n\n\n<blockquote class=\"wp-block-quote is-layout-flow wp-block-quote-is-layout-flow\">\n<p><img loading=\"lazy\" decoding=\"async\" width=\"150\" height=\"50\" class=\"wp-image-47\" style=\"width: 150px;\" src=\"https:\/\/ramiroguajardo.com\/wp-content\/uploads\/2022\/10\/logo-uerre.png\" alt=\"\" srcset=\"https:\/\/ramiroguajardo.com\/wp-content\/uploads\/2022\/10\/logo-uerre.png 390w, https:\/\/ramiroguajardo.com\/wp-content\/uploads\/2022\/10\/logo-uerre-300x99.png 300w\" sizes=\"auto, (max-width: 150px) 100vw, 150px\" \/><br><strong>Universidad Regiomontana<\/strong><\/p>\n<\/blockquote>\n\n\n\n<p><strong>Maestr\u00eda en Administraci\u00f3n y Finanzas<\/strong> <em>(2018)<\/em><br>Menci\u00f3n Honor\u00edfica, Beca de Excelencia Acad\u00e9mica<\/p>\n\n\n\n<hr class=\"wp-block-separator has-alpha-channel-opacity\"\/>\n\n\n\n<blockquote class=\"wp-block-quote is-layout-flow wp-block-quote-is-layout-flow\">\n<p><img loading=\"lazy\" decoding=\"async\" width=\"150\" height=\"75\" class=\"wp-image-48\" style=\"width: 150px;\" src=\"https:\/\/ramiroguajardo.com\/wp-content\/uploads\/2022\/10\/logo-ipade.png\" alt=\"\"><br><strong>IPADE Business School, Cd. de M\u00e9xico<\/strong><\/p>\n<\/blockquote>\n\n\n\n<p><strong>Programa Formaci\u00f3n Directiva<\/strong><em> (2013)<\/em><\/p>\n\n\n\n<hr class=\"wp-block-separator has-alpha-channel-opacity\"\/>\n\n\n\n<blockquote class=\"wp-block-quote is-layout-flow wp-block-quote-is-layout-flow\">\n<p><img loading=\"lazy\" decoding=\"async\" width=\"150\" height=\"72\" class=\"wp-image-49\" style=\"width: 150px;\" src=\"https:\/\/ramiroguajardo.com\/wp-content\/uploads\/2022\/10\/anahuac-logo.png\" alt=\"\"><br><strong>Universidad An\u00e1huac, M\u00e9xico Norte<\/strong><\/p>\n<\/blockquote>\n\n\n\n<p><strong>Diplomado Advanced Leadership<\/strong> <em>(2011)<\/em><\/p>\n\n\n\n<hr class=\"wp-block-separator has-alpha-channel-opacity\"\/>\n\n\n\n<p><\/p>\n\n\n\n<figure class=\"wp-block-image size-full\"><img decoding=\"async\" src=\"https:\/\/ramiroguajardo.com\/wp-content\/uploads\/2022\/11\/Mencion-Honorifica-RGS.mp4\" alt=\"Menci\u00f3n Honor\u00edfica Maestr\u00eda\" class=\"wp-image-66\"\/><\/figure>\n","protected":false},"excerpt":{"rendered":"<p>Instituto Tecnol\u00f3gico y de Estudios Superiores de Monterrey, Campus Monterrey Lic. en Contadur\u00eda P\u00fablica y Finanzas (2002)Graduado con Testimonio de Alto Rendimiento Acad\u00e9mico por el CENEVAL Universidad de Monterrey Posgrado Especialidad en Finanzas (2016)Primer lugar de generaci\u00f3n, Beca de Excelencia Acad\u00e9mica Universidad Regiomontana Maestr\u00eda en Administraci\u00f3n y Finanzas (2018)Menci\u00f3n Honor\u00edfica, Beca de Excelencia Acad\u00e9mica IPADE &#8230; <a title=\"Formaci\u00f3n Acad\u00e9mica\" class=\"read-more\" href=\"https:\/\/ramiroguajardo.com\/index.php\/formacion-academica\/\" aria-label=\"Leer m\u00e1s sobre Formaci\u00f3n Acad\u00e9mica\">Leer m\u00e1s<\/a><\/p>\n","protected":false},"author":1,"featured_media":0,"parent":0,"menu_order":0,"comment_status":"closed","ping_status":"closed","template":"","meta":{"footnotes":""},"class_list":["post-40","page","type-page","status-publish"],"_links":{"self":[{"href":"https:\/\/ramiroguajardo.com\/index.php\/wp-json\/wp\/v2\/pages\/40","targetHints":{"allow":["GET"]}}],"collection":[{"href":"https:\/\/ramiroguajardo.com\/index.php\/wp-json\/wp\/v2\/pages"}],"about":[{"href":"https:\/\/ramiroguajardo.com\/index.php\/wp-json\/wp\/v2\/types\/page"}],"author":[{"embeddable":true,"href":"https:\/\/ramiroguajardo.com\/index.php\/wp-json\/wp\/v2\/users\/1"}],"replies":[{"embeddable":true,"href":"https:\/\/ramiroguajardo.com\/index.php\/wp-json\/wp\/v2\/comments?post=40"}],"version-history":[{"count":3,"href":"https:\/\/ramiroguajardo.com\/index.php\/wp-json\/wp\/v2\/pages\/40\/revisions"}],"predecessor-version":[{"id":68,"href":"https:\/\/ramiroguajardo.com\/index.php\/wp-json\/wp\/v2\/pages\/40\/revisions\/68"}],"wp:attachment":[{"href":"https:\/\/ramiroguajardo.com\/index.php\/wp-json\/wp\/v2\/media?parent=40"}],"curies":[{"name":"wp","href":"https:\/\/api.w.org\/{rel}","templated":true}]}}